{"id":309,"date":"2020-10-23T18:57:28","date_gmt":"2020-10-23T15:57:28","guid":{"rendered":"https:\/\/startertemplatecloud.com\/e02\/?post_type=product&#038;p=309"},"modified":"2026-04-19T19:55:59","modified_gmt":"2026-04-19T19:55:59","slug":"phone-case-stve","status":"publish","type":"product","link":"https:\/\/sunkagitmatbaa.com\/index.php\/urun\/phone-case-stve\/","title":{"rendered":"Kulplu Pasta Kutusu"},"content":{"rendered":"<p><strong>Kare Pasta Kutusu Ta\u015f\u0131y\u0131c\u0131 Ambalaj Maketi\u00a0<\/strong><\/p>\n<ul>\n<li>Bir (1) Katmanl\u0131 PSD Maketi<\/li>\n<li>Ka\u011f\u0131t Malzemesini \u00d6zelle\u015ftir<\/li>\n<li>9,5\u201d G x 9,5\u201d D x 5\u201d Y olarak \u00f6l\u00e7eklendirildi (sap hari\u00e7 katlanm\u0131\u015f \u015fekil boyutlar\u0131)<\/li>\n<li>Kendi arka plan resminizi ekleme veya arka plan rengini de\u011fi\u015ftirme se\u00e7ene\u011fi<\/li>\n<li>Kutunun kal\u0131p kesim \u015fablonu dahildir<\/li>\n<\/ul>\n","protected":false},"excerpt":{"rendered":"<p>Lorem ipsum dolor sit amet, consectetur adipiscing elit. Vestibulum convallis, magna tempus tempor gravida, ante nibh accumsan leo, ut facilisis metus felis ac nunc. Proin purus dui, porta eu metus at, malesuada mollis augue. Sed eu vehicula lectus. Integer placerat, est id cursus ullamcorper, ex nulla lobortis neque, sed bibendum tellus metus eu nunc.<\/p>\n","protected":false},"featured_media":1882,"comment_status":"open","ping_status":"closed","template":"","meta":{"_kadence_starter_templates_imported_post":true,"_kad_post_transparent":"default","_kad_post_title":"","_kad_post_layout":"default","_kad_post_sidebar_id":"","_kad_post_content_style":"default","_kad_post_vertical_padding":"default","_kad_post_feature":"","_kad_post_feature_position":"","_kad_post_header":false,"_kad_post_footer":false},"product_cat":[19,20],"product_tag":[],"class_list":{"0":"post-309","1":"product","2":"type-product","3":"status-publish","4":"has-post-thumbnail","6":"product_cat-pasta-tatli-gida-kutulari","7":"product_cat-matbaa-urunleri-ambalaj-kurumsal-kimlik","9":"first","10":"instock","11":"featured","12":"shipping-taxable","13":"product-type-grouped","14":"entry","15":"content-bg","16":"loop-entry"},"_links":{"self":[{"href":"https:\/\/sunkagitmatbaa.com\/index.php\/wp-json\/wp\/v2\/product\/309","targetHints":{"allow":["GET"]}}],"collection":[{"href":"https:\/\/sunkagitmatbaa.com\/index.php\/wp-json\/wp\/v2\/product"}],"about":[{"href":"https:\/\/sunkagitmatbaa.com\/index.php\/wp-json\/wp\/v2\/types\/product"}],"replies":[{"embeddable":true,"href":"https:\/\/sunkagitmatbaa.com\/index.php\/wp-json\/wp\/v2\/comments?post=309"}],"wp:featuredmedia":[{"embeddable":true,"href":"https:\/\/sunkagitmatbaa.com\/index.php\/wp-json\/wp\/v2\/media\/1882"}],"wp:attachment":[{"href":"https:\/\/sunkagitmatbaa.com\/index.php\/wp-json\/wp\/v2\/media?parent=309"}],"wp:term":[{"taxonomy":"product_cat","embeddable":true,"href":"https:\/\/sunkagitmatbaa.com\/index.php\/wp-json\/wp\/v2\/product_cat?post=309"},{"taxonomy":"product_tag","embeddable":true,"href":"https:\/\/sunkagitmatbaa.com\/index.php\/wp-json\/wp\/v2\/product_tag?post=309"}],"curies":[{"name":"wp","href":"https:\/\/api.w.org\/{rel}","templated":true}]}}