{"id":239,"date":"2020-10-23T13:06:25","date_gmt":"2020-10-23T10:06:25","guid":{"rendered":"https:\/\/startertemplatecloud.com\/e02\/?post_type=product&#038;p=239"},"modified":"2026-04-19T19:56:21","modified_gmt":"2026-04-19T19:56:21","slug":"t-shirt-four","status":"publish","type":"product","link":"https:\/\/sunkagitmatbaa.com\/index.php\/urun\/t-shirt-four\/","title":{"rendered":"Baklava Kutusu"},"content":{"rendered":"<p><strong>Baklava Kutusu<\/strong><\/p>\n<ul>\n<li>Bir (1) Katmanl\u0131 PSD Maketi<\/li>\n<li>Ka\u011f\u0131t Malzemesini \u00d6zelle\u015ftir<\/li>\n<li>9,5\u201d G x 9,5\u201d D x 5\u201d Y olarak \u00f6l\u00e7eklendirildi (sap hari\u00e7 katlanm\u0131\u015f \u015fekil boyutlar\u0131)<\/li>\n<li>Kendi arka plan resminizi ekleme veya arka plan rengini de\u011fi\u015ftirme se\u00e7ene\u011fi<\/li>\n<li>Kutunun kal\u0131p kesim \u015fablonu dahildir<\/li>\n<\/ul>\n","protected":false},"excerpt":{"rendered":"<p>Lorem ipsum dolor sit amet, consectetur adipiscing elit. Vestibulum convallis, magna tempus tempor gravida, ante nibh accumsan leo, ut facilisis metus felis ac nunc. Proin purus dui, porta eu metus at, malesuada mollis augue. Sed eu vehicula lectus.<\/p>\n","protected":false},"featured_media":1884,"comment_status":"open","ping_status":"closed","template":"","meta":{"_kadence_starter_templates_imported_post":true,"_kad_post_transparent":"default","_kad_post_title":"","_kad_post_layout":"default","_kad_post_sidebar_id":"","_kad_post_content_style":"default","_kad_post_vertical_padding":"default","_kad_post_feature":"","_kad_post_feature_position":"","_kad_post_header":false,"_kad_post_footer":false},"product_cat":[19,20],"product_tag":[],"class_list":{"0":"post-239","1":"product","2":"type-product","3":"status-publish","4":"has-post-thumbnail","6":"product_cat-pasta-tatli-gida-kutulari","7":"product_cat-matbaa-urunleri-ambalaj-kurumsal-kimlik","9":"first","10":"instock","11":"featured","12":"shipping-taxable","13":"product-type-grouped","14":"entry","15":"content-bg","16":"loop-entry"},"_links":{"self":[{"href":"https:\/\/sunkagitmatbaa.com\/index.php\/wp-json\/wp\/v2\/product\/239","targetHints":{"allow":["GET"]}}],"collection":[{"href":"https:\/\/sunkagitmatbaa.com\/index.php\/wp-json\/wp\/v2\/product"}],"about":[{"href":"https:\/\/sunkagitmatbaa.com\/index.php\/wp-json\/wp\/v2\/types\/product"}],"replies":[{"embeddable":true,"href":"https:\/\/sunkagitmatbaa.com\/index.php\/wp-json\/wp\/v2\/comments?post=239"}],"wp:featuredmedia":[{"embeddable":true,"href":"https:\/\/sunkagitmatbaa.com\/index.php\/wp-json\/wp\/v2\/media\/1884"}],"wp:attachment":[{"href":"https:\/\/sunkagitmatbaa.com\/index.php\/wp-json\/wp\/v2\/media?parent=239"}],"wp:term":[{"taxonomy":"product_cat","embeddable":true,"href":"https:\/\/sunkagitmatbaa.com\/index.php\/wp-json\/wp\/v2\/product_cat?post=239"},{"taxonomy":"product_tag","embeddable":true,"href":"https:\/\/sunkagitmatbaa.com\/index.php\/wp-json\/wp\/v2\/product_tag?post=239"}],"curies":[{"name":"wp","href":"https:\/\/api.w.org\/{rel}","templated":true}]}}