{"id":492,"date":"2020-10-26T11:38:49","date_gmt":"2020-10-26T11:38:49","guid":{"rendered":"http:\/\/www.grafas.org\/demo02\/?page_id=492"},"modified":"2024-03-17T19:08:01","modified_gmt":"2024-03-17T19:08:01","slug":"hakkimizda","status":"publish","type":"page","link":"https:\/\/sunkagitmatbaa.com\/index.php\/hakkimizda\/","title":{"rendered":"Hakk\u0131m\u0131zda"},"content":{"rendered":"\t\t<div data-elementor-type=\"wp-page\" data-elementor-id=\"492\" class=\"elementor elementor-492\" data-elementor-post-type=\"page\">\n\t\t\t\t\t\t<section class=\"elementor-section elementor-top-section elementor-element elementor-element-3c4b5460 envato-kit-141-top-0 elementor-reverse-mobile elementor-section-boxed elementor-section-height-default elementor-section-height-default\" data-id=\"3c4b5460\" data-element_type=\"section\" data-settings=\"{&quot;background_background&quot;:&quot;classic&quot;}\">\n\t\t\t\t\t\t\t<div class=\"elementor-background-overlay\"><\/div>\n\t\t\t\t\t\t\t<div class=\"elementor-container elementor-column-gap-wider\">\n\t\t\t\t\t<div class=\"elementor-column elementor-col-50 elementor-top-column elementor-element elementor-element-6e86b04f\" data-id=\"6e86b04f\" data-element_type=\"column\">\n\t\t\t<div class=\"elementor-widget-wrap elementor-element-populated\">\n\t\t\t\t\t\t<div class=\"elementor-element elementor-element-26fa55a elementor-widget elementor-widget-image\" data-id=\"26fa55a\" data-element_type=\"widget\" data-settings=\"{&quot;motion_fx_motion_fx_mouse&quot;:&quot;yes&quot;,&quot;motion_fx_mouseTrack_effect&quot;:&quot;yes&quot;,&quot;motion_fx_mouseTrack_speed&quot;:{&quot;unit&quot;:&quot;px&quot;,&quot;size&quot;:0.5,&quot;sizes&quot;:[]}}\" data-widget_type=\"image.default\">\n\t\t\t\t\t\t\t\t\t\t\t\t\t\t\t<img fetchpriority=\"high\" decoding=\"async\" width=\"470\" height=\"410\" src=\"https:\/\/sunkagitmatbaa.com\/wp-content\/uploads\/2023\/01\/welcome-1-1.webp\" class=\"attachment-large size-large wp-image-1186\" alt=\"\" srcset=\"https:\/\/sunkagitmatbaa.com\/wp-content\/uploads\/2023\/01\/welcome-1-1.webp 470w, https:\/\/sunkagitmatbaa.com\/wp-content\/uploads\/2023\/01\/welcome-1-1-300x262.webp 300w\" sizes=\"(max-width: 470px) 100vw, 470px\" \/>\t\t\t\t\t\t\t\t\t\t\t\t\t\t\t<\/div>\n\t\t\t\t<div class=\"elementor-element elementor-element-141c7fc3 elementor-widget elementor-widget-heading\" data-id=\"141c7fc3\" data-element_type=\"widget\" data-widget_type=\"heading.default\">\n\t\t\t\t\t<h2 class=\"elementor-heading-title elementor-size-default\">\u015eirket temelimiz memnuniyet \u00fczerine at\u0131lm\u0131\u015ft\u0131r. \u0130li\u015fkide oldu\u011fumuz t\u00fcm partnerlerimizin ihtiya\u00e7lar\u0131n\u0131 tespit ederek en h\u0131zl\u0131 en do\u011fru en optimum sonu\u00e7lar\u0131 \u00fcreterek memnuniyetlerini sa\u011flar\u0131z.<\/h2>\t\t\t\t<\/div>\n\t\t\t\t\t<\/div>\n\t\t<\/div>\n\t\t\t\t<div class=\"elementor-column elementor-col-50 elementor-top-column elementor-element elementor-element-68d2bfe8\" data-id=\"68d2bfe8\" data-element_type=\"column\">\n\t\t\t<div class=\"elementor-widget-wrap elementor-element-populated\">\n\t\t\t\t\t\t<div class=\"elementor-element elementor-element-5747ae4a elementor-invisible elementor-widget elementor-widget-heading\" data-id=\"5747ae4a\" data-element_type=\"widget\" data-settings=\"{&quot;_animation&quot;:&quot;fadeIn&quot;,&quot;_animation_delay&quot;:50}\" data-widget_type=\"heading.default\">\n\t\t\t\t\t<h2 class=\"elementor-heading-title elementor-size-default\">Biz Kimiz?<\/h2>\t\t\t\t<\/div>\n\t\t\t\t<div class=\"elementor-element elementor-element-79eef285 elementor-invisible elementor-widget elementor-widget-heading\" data-id=\"79eef285\" data-element_type=\"widget\" data-settings=\"{&quot;_animation&quot;:&quot;fadeIn&quot;,&quot;_animation_delay&quot;:100}\" data-widget_type=\"heading.default\">\n\t\t\t\t\t<h2 class=\"elementor-heading-title elementor-size-default\">Hakk\u0131m\u0131zda<\/h2>\t\t\t\t<\/div>\n\t\t\t\t<div class=\"elementor-element elementor-element-5416fcd0 elementor-widget-divider--view-line elementor-invisible elementor-widget elementor-widget-divider\" data-id=\"5416fcd0\" data-element_type=\"widget\" data-settings=\"{&quot;_animation&quot;:&quot;fadeIn&quot;,&quot;_animation_delay&quot;:150}\" data-widget_type=\"divider.default\">\n\t\t\t\t\t\t\t<div class=\"elementor-divider\">\n\t\t\t<span class=\"elementor-divider-separator\">\n\t\t\t\t\t\t<\/span>\n\t\t<\/div>\n\t\t\t\t\t\t<\/div>\n\t\t\t\t<div class=\"elementor-element elementor-element-54f57a7 elementor-invisible elementor-widget elementor-widget-heading\" data-id=\"54f57a7\" data-element_type=\"widget\" data-settings=\"{&quot;_animation&quot;:&quot;fadeIn&quot;,&quot;_animation_delay&quot;:200}\" data-widget_type=\"heading.default\">\n\t\t\t\t\t<h2 class=\"elementor-heading-title elementor-size-default\">\u0130\u015fimiz i\u00e7in en \u00f6nemli \u015fey m\u00fc\u015fterilerimizdir. \u00c7e\u015fitli \u00f6zel kutular\u0131m\u0131z ve ambalajlar\u0131m\u0131z hakk\u0131nda sahip olduklar\u0131 g\u00f6r\u00fc\u015flere de\u011fer veriyor ve onlar\u0131 kabul ediyoruz.<\/h2>\t\t\t\t<\/div>\n\t\t\t\t<div class=\"elementor-element elementor-element-55d47209 elementor-invisible elementor-widget elementor-widget-text-editor\" data-id=\"55d47209\" data-element_type=\"widget\" data-settings=\"{&quot;_animation&quot;:&quot;fadeIn&quot;,&quot;_animation_delay&quot;:250}\" data-widget_type=\"text-editor.default\">\n\t\t\t\t\t\t\t\t\t<h3 class=\"vc_custom_heading\"><strong>M\u00fc\u015fterilerimize de\u011fer veriyoruz!<\/strong><\/h3><div class=\"vc_empty_space\">\u00a0<\/div><div class=\"wpb_text_column wpb_content_element \"><div class=\"wpb_wrapper\"><p>M\u00fc\u015fterilerimizi ailemizin bir par\u00e7as\u0131 olarak g\u00f6r\u00fcyoruz. Aile birbirine benzer \u015fekilde \u00f6zen g\u00f6sterip de\u011fer verdi\u011finden, biz de m\u00fc\u015fterilerimizle aram\u0131zdaki ba\u011fa de\u011fer veririz. sipari\u015f gereksinimlerini tart\u0131\u015ft\u0131klar\u0131 andan sipari\u015fi verdikleri zamana kadar, yaln\u0131zca g\u00fcler y\u00fczl\u00fc m\u00fc\u015fteri hizmeti almalar\u0131n\u0131 de\u011fil, ayn\u0131 zamanda tasarlad\u0131\u011f\u0131m\u0131z ve \u00fcretti\u011fimiz sevgi ve sevgiyi yans\u0131tan ambalajlar\u0131 da almalar\u0131n\u0131 sa\u011fl\u0131yoruz.<\/p><\/div><\/div><div class=\"wpb_text_column wpb_content_element \"><div class=\"wpb_wrapper\"><p>\u0130htiya\u00e7lar\u0131n\u0131za ve gereksinimlerinize g\u00f6re sipari\u015f verebilece\u011finiz en \u00e7e\u015fitli \u00f6zel paketleme \u00e7\u00f6z\u00fcmlerini sunuyoruz.\u00a0Sevdiklerinizi \u015fa\u015f\u0131rtmak i\u00e7in \u00f6zel yast\u0131k hediye kutular\u0131 veya \u00fcr\u00fcn ambalajlar\u0131n\u0131z i\u00e7in \u00f6zel kraft kutular, \u00fcr\u00fcnlerinizi \u015f\u0131k ve g\u00f6z al\u0131c\u0131 bir \u015fekilde sergilemek i\u00e7in vitrin kutular\u0131 veya \u00e7ekici marka temsili ile temiz bir ortam sa\u011flamak i\u00e7in ka\u011f\u0131t po\u015fetler olsun, hepsi bizde var. kapal\u0131.\u00a0herkes ve her durum, \u00fcr\u00fcn ve hizmet i\u00e7in bir \u015feyimiz var.\u00a0Kaliteli ambalaj \u00fcr\u00fcn yelpazemize web sitemizden g\u00f6z atabilirsiniz.<\/p><\/div><\/div>\t\t\t\t\t\t\t\t<\/div>\n\t\t\t\t<div class=\"elementor-element elementor-element-798b7859 elementor-mobile-align-justify elementor-invisible elementor-widget elementor-widget-button\" data-id=\"798b7859\" data-element_type=\"widget\" data-settings=\"{&quot;_animation&quot;:&quot;fadeIn&quot;,&quot;_animation_delay&quot;:300}\" data-widget_type=\"button.default\">\n\t\t\t\t\t\t\t\t\t\t<a class=\"elementor-button elementor-button-link elementor-size-md\" href=\"https:\/\/sunkagitmatbaa.com\">\n\t\t\t\t\t\t<span class=\"elementor-button-content-wrapper\">\n\t\t\t\t\t\t<span class=\"elementor-button-icon\">\n\t\t\t\t<svg aria-hidden=\"true\" class=\"e-font-icon-svg e-fas-play-circle\" viewBox=\"0 0 512 512\" xmlns=\"http:\/\/www.w3.org\/2000\/svg\"><path d=\"M256 8C119 8 8 119 8 256s111 248 248 248 248-111 248-248S393 8 256 8zm115.7 272l-176 101c-15.8 8.8-35.7-2.5-35.7-21V152c0-18.4 19.8-29.8 35.7-21l176 107c16.4 9.2 16.4 32.9 0 42z\"><\/path><\/svg>\t\t\t<\/span>\n\t\t\t\t\t\t\t\t\t<span class=\"elementor-button-text\">Siteye G\u00f6zat<\/span>\n\t\t\t\t\t<\/span>\n\t\t\t\t\t<\/a>\n\t\t\t\t\t\t\t\t<\/div>\n\t\t\t\t\t<\/div>\n\t\t<\/div>\n\t\t\t\t\t<\/div>\n\t\t<\/section>\n\t\t\t\t<\/div>\n\t\t","protected":false},"excerpt":{"rendered":"<p>\u015eirket temelimiz memnuniyet \u00fczerine at\u0131lm\u0131\u015ft\u0131r. \u0130li\u015fkide oldu\u011fumuz t\u00fcm partnerlerimizin ihtiya\u00e7lar\u0131n\u0131 tespit ederek en h\u0131zl\u0131 en do\u011fru en optimum sonu\u00e7lar\u0131 \u00fcreterek memnuniyetlerini sa\u011flar\u0131z. Biz Kimiz? Hakk\u0131m\u0131zda \u0130\u015fimiz i\u00e7in en \u00f6nemli \u015fey m\u00fc\u015fterilerimizdir. \u00c7e\u015fitli \u00f6zel kutular\u0131m\u0131z ve ambalajlar\u0131m\u0131z hakk\u0131nda sahip olduklar\u0131 g\u00f6r\u00fc\u015flere de\u011fer veriyor ve onlar\u0131 kabul ediyoruz. M\u00fc\u015fterilerimize de\u011fer veriyoruz! \u00a0 M\u00fc\u015fterilerimizi ailemizin bir par\u00e7as\u0131 olarak&#8230;<\/p>\n","protected":false},"author":1,"featured_media":0,"parent":0,"menu_order":0,"comment_status":"closed","ping_status":"closed","template":"","meta":{"_kadence_starter_templates_imported_post":true,"_kad_post_transparent":"","_kad_post_title":"hide","_kad_post_layout":"fullwidth","_kad_post_sidebar_id":"","_kad_post_content_style":"unboxed","_kad_post_vertical_padding":"hide","_kad_post_feature":"hide","_kad_post_feature_position":"","_kad_post_header":false,"_kad_post_footer":false,"footnotes":""},"class_list":["post-492","page","type-page","status-publish","hentry"],"_links":{"self":[{"href":"https:\/\/sunkagitmatbaa.com\/index.php\/wp-json\/wp\/v2\/pages\/492","targetHints":{"allow":["GET"]}}],"collection":[{"href":"https:\/\/sunkagitmatbaa.com\/index.php\/wp-json\/wp\/v2\/pages"}],"about":[{"href":"https:\/\/sunkagitmatbaa.com\/index.php\/wp-json\/wp\/v2\/types\/page"}],"author":[{"embeddable":true,"href":"https:\/\/sunkagitmatbaa.com\/index.php\/wp-json\/wp\/v2\/users\/1"}],"replies":[{"embeddable":true,"href":"https:\/\/sunkagitmatbaa.com\/index.php\/wp-json\/wp\/v2\/comments?post=492"}],"version-history":[{"count":18,"href":"https:\/\/sunkagitmatbaa.com\/index.php\/wp-json\/wp\/v2\/pages\/492\/revisions"}],"predecessor-version":[{"id":3630,"href":"https:\/\/sunkagitmatbaa.com\/index.php\/wp-json\/wp\/v2\/pages\/492\/revisions\/3630"}],"wp:attachment":[{"href":"https:\/\/sunkagitmatbaa.com\/index.php\/wp-json\/wp\/v2\/media?parent=492"}],"curies":[{"name":"wp","href":"https:\/\/api.w.org\/{rel}","templated":true}]}}