{"id":3741,"date":"2024-03-18T19:23:29","date_gmt":"2024-03-18T19:23:29","guid":{"rendered":"https:\/\/sunkagitmatbaa.com\/?page_id=3741"},"modified":"2024-03-19T18:24:24","modified_gmt":"2024-03-19T18:24:24","slug":"patentli-urunler","status":"publish","type":"page","link":"https:\/\/sunkagitmatbaa.com\/index.php\/patentli-urunler\/","title":{"rendered":"Patentli \u00dcr\u00fcnler"},"content":{"rendered":"\t\t<div data-elementor-type=\"wp-page\" data-elementor-id=\"3741\" class=\"elementor elementor-3741\" data-elementor-post-type=\"page\">\n\t\t\t\t<div class=\"elementor-element elementor-element-80f1857 e-flex e-con-boxed e-con e-parent\" data-id=\"80f1857\" data-element_type=\"container\">\n\t\t\t\t\t<div class=\"e-con-inner\">\n\t\t\t\t<div class=\"elementor-element elementor-element-022613e elementor-widget elementor-widget-spacer\" data-id=\"022613e\" data-element_type=\"widget\" data-widget_type=\"spacer.default\">\n\t\t\t\t<div class=\"elementor-widget-container\">\n\t\t\t\t\t\t\t<div class=\"elementor-spacer\">\n\t\t\t<div class=\"elementor-spacer-inner\"><\/div>\n\t\t<\/div>\n\t\t\t\t\t\t<\/div>\n\t\t\t\t<\/div>\n\t\t\t\t<div class=\"elementor-element elementor-element-26672db elementor-widget elementor-widget-heading\" data-id=\"26672db\" data-element_type=\"widget\" data-widget_type=\"heading.default\">\n\t\t\t\t\t<h2 class=\"elementor-heading-title elementor-size-default\">Patentli \u00dcr\u00fcnlerimiz<\/h2>\t\t\t\t<\/div>\n\t\t\t\t<div class=\"elementor-element elementor-element-64852a6 elementor-widget elementor-widget-spacer\" data-id=\"64852a6\" data-element_type=\"widget\" data-widget_type=\"spacer.default\">\n\t\t\t\t<div class=\"elementor-widget-container\">\n\t\t\t\t\t\t\t<div class=\"elementor-spacer\">\n\t\t\t<div class=\"elementor-spacer-inner\"><\/div>\n\t\t<\/div>\n\t\t\t\t\t\t<\/div>\n\t\t\t\t<\/div>\n\t\t\t\t<div class=\"elementor-element elementor-element-e15081e elementor-widget elementor-widget-heading\" data-id=\"e15081e\" data-element_type=\"widget\" data-widget_type=\"heading.default\">\n\t\t\t\t\t<h2 class=\"elementor-heading-title elementor-size-default\">Patent Tescil Belgelerimiz<\/h2>\t\t\t\t<\/div>\n\t\t\t\t\t<\/div>\n\t\t\t\t<\/div>\n\t\t<div class=\"elementor-element elementor-element-fa3ec4b e-flex e-con-boxed e-con e-parent\" data-id=\"fa3ec4b\" data-element_type=\"container\">\n\t\t\t\t\t<div class=\"e-con-inner\">\n\t\t<div class=\"elementor-element elementor-element-8d6dfa4 e-con-full e-flex e-con e-child\" data-id=\"8d6dfa4\" data-element_type=\"container\">\n\t\t\t\t<div class=\"elementor-element elementor-element-95bd039 elementor-widget elementor-widget-image\" data-id=\"95bd039\" data-element_type=\"widget\" data-widget_type=\"image.default\">\n\t\t\t\t\t\t\t\t\t\t\t\t\t\t\t<img fetchpriority=\"high\" decoding=\"async\" width=\"750\" height=\"969\" src=\"https:\/\/sunkagitmatbaa.com\/wp-content\/uploads\/2024\/03\/WhatsApp-Gorsel-2024-03-18-saat-10.16.50_86e5b770.png\" class=\"attachment-large size-large wp-image-3776\" alt=\"\" srcset=\"https:\/\/sunkagitmatbaa.com\/wp-content\/uploads\/2024\/03\/WhatsApp-Gorsel-2024-03-18-saat-10.16.50_86e5b770.png 750w, https:\/\/sunkagitmatbaa.com\/wp-content\/uploads\/2024\/03\/WhatsApp-Gorsel-2024-03-18-saat-10.16.50_86e5b770-232x300.png 232w, https:\/\/sunkagitmatbaa.com\/wp-content\/uploads\/2024\/03\/WhatsApp-Gorsel-2024-03-18-saat-10.16.50_86e5b770-700x904.png 700w\" sizes=\"(max-width: 750px) 100vw, 750px\" \/>\t\t\t\t\t\t\t\t\t\t\t\t\t\t\t<\/div>\n\t\t\t\t<\/div>\n\t\t<div class=\"elementor-element elementor-element-0ec6c4f e-con-full e-flex e-con e-child\" data-id=\"0ec6c4f\" data-element_type=\"container\">\n\t\t\t\t<div class=\"elementor-element elementor-element-eafb275 elementor-widget elementor-widget-image\" data-id=\"eafb275\" data-element_type=\"widget\" data-widget_type=\"image.default\">\n\t\t\t\t\t\t\t\t\t\t\t\t\t\t\t<img decoding=\"async\" width=\"750\" height=\"966\" src=\"https:\/\/sunkagitmatbaa.com\/wp-content\/uploads\/2024\/03\/WhatsApp-Gorsel-2024-03-18-saat-10.16.41_f0fb79ba.png\" class=\"attachment-large size-large wp-image-3775\" alt=\"\" srcset=\"https:\/\/sunkagitmatbaa.com\/wp-content\/uploads\/2024\/03\/WhatsApp-Gorsel-2024-03-18-saat-10.16.41_f0fb79ba.png 750w, https:\/\/sunkagitmatbaa.com\/wp-content\/uploads\/2024\/03\/WhatsApp-Gorsel-2024-03-18-saat-10.16.41_f0fb79ba-233x300.png 233w, https:\/\/sunkagitmatbaa.com\/wp-content\/uploads\/2024\/03\/WhatsApp-Gorsel-2024-03-18-saat-10.16.41_f0fb79ba-700x902.png 700w\" sizes=\"(max-width: 750px) 100vw, 750px\" \/>\t\t\t\t\t\t\t\t\t\t\t\t\t\t\t<\/div>\n\t\t\t\t<\/div>\n\t\t<div class=\"elementor-element elementor-element-28d0c15 e-con-full e-flex e-con e-child\" data-id=\"28d0c15\" data-element_type=\"container\">\n\t\t\t\t<div class=\"elementor-element elementor-element-d415a64 elementor-widget elementor-widget-image\" data-id=\"d415a64\" data-element_type=\"widget\" data-widget_type=\"image.default\">\n\t\t\t\t\t\t\t\t\t\t\t\t\t\t\t<img decoding=\"async\" width=\"743\" height=\"1024\" src=\"https:\/\/sunkagitmatbaa.com\/wp-content\/uploads\/2024\/03\/WhatsApp-Gorsel-2024-03-18-saat-10.16.30_228d7df8-743x1024.png\" class=\"attachment-large size-large wp-image-3774\" alt=\"\" srcset=\"https:\/\/sunkagitmatbaa.com\/wp-content\/uploads\/2024\/03\/WhatsApp-Gorsel-2024-03-18-saat-10.16.30_228d7df8-743x1024.png 743w, https:\/\/sunkagitmatbaa.com\/wp-content\/uploads\/2024\/03\/WhatsApp-Gorsel-2024-03-18-saat-10.16.30_228d7df8-218x300.png 218w, https:\/\/sunkagitmatbaa.com\/wp-content\/uploads\/2024\/03\/WhatsApp-Gorsel-2024-03-18-saat-10.16.30_228d7df8-700x964.png 700w, https:\/\/sunkagitmatbaa.com\/wp-content\/uploads\/2024\/03\/WhatsApp-Gorsel-2024-03-18-saat-10.16.30_228d7df8.png 750w\" sizes=\"(max-width: 743px) 100vw, 743px\" \/>\t\t\t\t\t\t\t\t\t\t\t\t\t\t\t<\/div>\n\t\t\t\t<\/div>\n\t\t<div class=\"elementor-element elementor-element-2247580 e-con-full e-flex e-con e-child\" data-id=\"2247580\" data-element_type=\"container\">\n\t\t\t\t<div class=\"elementor-element elementor-element-0f0a380 elementor-widget elementor-widget-image\" data-id=\"0f0a380\" data-element_type=\"widget\" data-widget_type=\"image.default\">\n\t\t\t\t\t\t\t\t\t\t\t\t\t\t\t<img loading=\"lazy\" decoding=\"async\" width=\"718\" height=\"1024\" src=\"https:\/\/sunkagitmatbaa.com\/wp-content\/uploads\/2024\/03\/WhatsApp-Gorsel-2024-03-18-saat-10.14.32_ac1bc4d5-718x1024.png\" class=\"attachment-large size-large wp-image-3773\" alt=\"\" srcset=\"https:\/\/sunkagitmatbaa.com\/wp-content\/uploads\/2024\/03\/WhatsApp-Gorsel-2024-03-18-saat-10.14.32_ac1bc4d5-718x1024.png 718w, https:\/\/sunkagitmatbaa.com\/wp-content\/uploads\/2024\/03\/WhatsApp-Gorsel-2024-03-18-saat-10.14.32_ac1bc4d5-210x300.png 210w, https:\/\/sunkagitmatbaa.com\/wp-content\/uploads\/2024\/03\/WhatsApp-Gorsel-2024-03-18-saat-10.14.32_ac1bc4d5-700x998.png 700w, https:\/\/sunkagitmatbaa.com\/wp-content\/uploads\/2024\/03\/WhatsApp-Gorsel-2024-03-18-saat-10.14.32_ac1bc4d5.png 750w\" sizes=\"(max-width: 718px) 100vw, 718px\" \/>\t\t\t\t\t\t\t\t\t\t\t\t\t\t\t<\/div>\n\t\t\t\t<\/div>\n\t\t\t\t\t<\/div>\n\t\t\t\t<\/div>\n\t\t<div class=\"elementor-element elementor-element-ec3fe02 e-flex e-con-boxed e-con e-parent\" data-id=\"ec3fe02\" data-element_type=\"container\">\n\t\t\t\t\t<div class=\"e-con-inner\">\n\t\t\t\t<div class=\"elementor-element elementor-element-850672e elementor-widget elementor-widget-spacer\" data-id=\"850672e\" data-element_type=\"widget\" data-widget_type=\"spacer.default\">\n\t\t\t\t<div class=\"elementor-widget-container\">\n\t\t\t\t\t\t\t<div class=\"elementor-spacer\">\n\t\t\t<div class=\"elementor-spacer-inner\"><\/div>\n\t\t<\/div>\n\t\t\t\t\t\t<\/div>\n\t\t\t\t<\/div>\n\t\t\t\t\t<\/div>\n\t\t\t\t<\/div>\n\t\t<div class=\"elementor-element elementor-element-3fd7c05 e-flex e-con-boxed e-con e-parent\" data-id=\"3fd7c05\" data-element_type=\"container\">\n\t\t\t\t\t<div class=\"e-con-inner\">\n\t\t\t\t<div class=\"elementor-element elementor-element-c3edf06 elementor-widget elementor-widget-spacer\" data-id=\"c3edf06\" data-element_type=\"widget\" data-widget_type=\"spacer.default\">\n\t\t\t\t<div class=\"elementor-widget-container\">\n\t\t\t\t\t\t\t<div class=\"elementor-spacer\">\n\t\t\t<div class=\"elementor-spacer-inner\"><\/div>\n\t\t<\/div>\n\t\t\t\t\t\t<\/div>\n\t\t\t\t<\/div>\n\t\t\t\t\t<\/div>\n\t\t\t\t<\/div>\n\t\t<div class=\"elementor-element elementor-element-61441f2 e-flex e-con-boxed e-con e-parent\" data-id=\"61441f2\" data-element_type=\"container\">\n\t\t\t\t\t<div class=\"e-con-inner\">\n\t\t\t\t<div class=\"elementor-element elementor-element-3c6c2ac elementor-widget elementor-widget-heading\" data-id=\"3c6c2ac\" data-element_type=\"widget\" data-widget_type=\"heading.default\">\n\t\t\t\t\t<h2 class=\"elementor-heading-title elementor-size-default\">Patentli \u00dcr\u00fcnlerimiz <br><\/h2>\t\t\t\t<\/div>\n\t\t\t\t<div class=\"elementor-element elementor-element-71bbb84 elementor-widget elementor-widget-spacer\" data-id=\"71bbb84\" data-element_type=\"widget\" data-widget_type=\"spacer.default\">\n\t\t\t\t<div class=\"elementor-widget-container\">\n\t\t\t\t\t\t\t<div class=\"elementor-spacer\">\n\t\t\t<div class=\"elementor-spacer-inner\"><\/div>\n\t\t<\/div>\n\t\t\t\t\t\t<\/div>\n\t\t\t\t<\/div>\n\t\t\t\t\t<\/div>\n\t\t\t\t<\/div>\n\t\t<div class=\"elementor-element elementor-element-ed84cd6 e-flex e-con-boxed e-con e-parent\" data-id=\"ed84cd6\" data-element_type=\"container\">\n\t\t\t\t\t<div class=\"e-con-inner\">\n\t\t\t\t<div class=\"elementor-element elementor-element-822fdfb elementor-grid-4 elementor-grid-tablet-3 elementor-grid-mobile-2 elementor-products-grid elementor-wc-products elementor-widget elementor-widget-woocommerce-products\" data-id=\"822fdfb\" data-element_type=\"widget\" data-widget_type=\"woocommerce-products.default\">\n\t\t\t\t<div class=\"elementor-widget-container\">\n\t\t\t\t\t<div class=\"woocommerce columns-4 \"><ul class=\"products elementor-grid content-wrap product-archive grid-cols grid-ss-col-2 grid-sm-col-3 grid-lg-col-4 woo-archive-action-on-hover woo-archive-btn-button  woo-archive-image-hover-zoom\"><li class=\"entry content-bg loop-entry product type-product post-3739 status-publish first instock product_cat-havai-fisek-kutulari has-post-thumbnail shipping-taxable product-type-grouped\">\n\t<a href=\"https:\/\/sunkagitmatbaa.com\/index.php\/urun\/25-atimlik-havai-fisek-kutusu\/\" class=\"woocommerce-loop-image-link woocommerce-LoopProduct-link woocommerce-loop-product__link\"><img loading=\"lazy\" decoding=\"async\" width=\"800\" height=\"800\" src=\"https:\/\/sunkagitmatbaa.com\/wp-content\/uploads\/2024\/03\/day25-800x800.png\" class=\"attachment-woocommerce_thumbnail size-woocommerce_thumbnail\" alt=\"\" srcset=\"https:\/\/sunkagitmatbaa.com\/wp-content\/uploads\/2024\/03\/day25-800x800.png 800w, https:\/\/sunkagitmatbaa.com\/wp-content\/uploads\/2024\/03\/day25-300x300.png 300w, https:\/\/sunkagitmatbaa.com\/wp-content\/uploads\/2024\/03\/day25-150x150.png 150w, https:\/\/sunkagitmatbaa.com\/wp-content\/uploads\/2024\/03\/day25-768x768.png 768w, https:\/\/sunkagitmatbaa.com\/wp-content\/uploads\/2024\/03\/day25-650x650.png 650w, https:\/\/sunkagitmatbaa.com\/wp-content\/uploads\/2024\/03\/day25-700x700.png 700w, https:\/\/sunkagitmatbaa.com\/wp-content\/uploads\/2024\/03\/day25-100x100.png 100w, https:\/\/sunkagitmatbaa.com\/wp-content\/uploads\/2024\/03\/day25.png 1000w\" sizes=\"(max-width: 800px) 100vw, 800px\" \/><\/a><div class=\"product-details content-bg entry-content-wrap\"><h2 class=\"woocommerce-loop-product__title\"><a href=\"https:\/\/sunkagitmatbaa.com\/index.php\/urun\/25-atimlik-havai-fisek-kutusu\/\" class=\"woocommerce-LoopProduct-link-title woocommerce-loop-product__title_ink\">25 At\u0131ml\u0131k Havai Fi\u015fek Kutusu<\/a><\/h2>\n<div class=\"product-action-wrap\"><a href=\"https:\/\/sunkagitmatbaa.com\/index.php\/urun\/25-atimlik-havai-fisek-kutusu\/\" data-quantity=\"1\" class=\"button product_type_grouped\" data-product_id=\"3739\" data-product_sku=\"\" aria-label=\"&ldquo;25 At\u0131ml\u0131k Havai Fi\u015fek Kutusu&rdquo; grubundaki \u00fcr\u00fcnleri g\u00f6r\u00fcnt\u00fcle\" rel=\"nofollow\">\u00dcr\u00fcnleri g\u00f6r\u00fcnt\u00fcle<span class=\"kadence-svg-iconset svg-baseline\"><svg class=\"kadence-svg-icon kadence-spinner-svg\" fill=\"currentColor\" version=\"1.1\" xmlns=\"http:\/\/www.w3.org\/2000\/svg\" width=\"16\" height=\"16\" viewBox=\"0 0 16 16\"><title>Loading<\/title><path d=\"M16 6h-6l2.243-2.243c-1.133-1.133-2.64-1.757-4.243-1.757s-3.109 0.624-4.243 1.757c-1.133 1.133-1.757 2.64-1.757 4.243s0.624 3.109 1.757 4.243c1.133 1.133 2.64 1.757 4.243 1.757s3.109-0.624 4.243-1.757c0.095-0.095 0.185-0.192 0.273-0.292l1.505 1.317c-1.466 1.674-3.62 2.732-6.020 2.732-4.418 0-8-3.582-8-8s3.582-8 8-8c2.209 0 4.209 0.896 5.656 2.344l2.343-2.344v6z\"><\/path>\n\t\t\t\t<\/svg><\/span><span class=\"kadence-svg-iconset svg-baseline\"><svg class=\"kadence-svg-icon kadence-check-svg\" fill=\"currentColor\" version=\"1.1\" xmlns=\"http:\/\/www.w3.org\/2000\/svg\" width=\"16\" height=\"16\" viewBox=\"0 0 16 16\"><title>Done<\/title><path d=\"M14 2.5l-8.5 8.5-3.5-3.5-1.5 1.5 5 5 10-10z\"><\/path>\n\t\t\t\t<\/svg><\/span><\/a>\t<span id=\"woocommerce_loop_add_to_cart_link_describedby_3739\" class=\"screen-reader-text\">\n\t\t\t<\/span>\n<\/div><\/div><\/li>\n<li class=\"entry content-bg loop-entry product type-product post-3738 status-publish instock product_cat-havai-fisek-kutulari has-post-thumbnail shipping-taxable product-type-simple\">\n\t<a href=\"https:\/\/sunkagitmatbaa.com\/index.php\/urun\/49-atimlik-havai-fisek-kutusu\/\" class=\"woocommerce-loop-image-link woocommerce-LoopProduct-link woocommerce-loop-product__link\"><img loading=\"lazy\" decoding=\"async\" width=\"800\" height=\"800\" src=\"https:\/\/sunkagitmatbaa.com\/wp-content\/uploads\/2024\/03\/drgnegs49-800x800.png\" class=\"attachment-woocommerce_thumbnail size-woocommerce_thumbnail\" alt=\"\" srcset=\"https:\/\/sunkagitmatbaa.com\/wp-content\/uploads\/2024\/03\/drgnegs49-800x800.png 800w, https:\/\/sunkagitmatbaa.com\/wp-content\/uploads\/2024\/03\/drgnegs49-300x300.png 300w, https:\/\/sunkagitmatbaa.com\/wp-content\/uploads\/2024\/03\/drgnegs49-150x150.png 150w, https:\/\/sunkagitmatbaa.com\/wp-content\/uploads\/2024\/03\/drgnegs49-768x768.png 768w, https:\/\/sunkagitmatbaa.com\/wp-content\/uploads\/2024\/03\/drgnegs49-650x650.png 650w, https:\/\/sunkagitmatbaa.com\/wp-content\/uploads\/2024\/03\/drgnegs49-700x700.png 700w, https:\/\/sunkagitmatbaa.com\/wp-content\/uploads\/2024\/03\/drgnegs49-100x100.png 100w, https:\/\/sunkagitmatbaa.com\/wp-content\/uploads\/2024\/03\/drgnegs49.png 1000w\" sizes=\"(max-width: 800px) 100vw, 800px\" \/><\/a><div class=\"product-details content-bg entry-content-wrap\"><h2 class=\"woocommerce-loop-product__title\"><a href=\"https:\/\/sunkagitmatbaa.com\/index.php\/urun\/49-atimlik-havai-fisek-kutusu\/\" class=\"woocommerce-LoopProduct-link-title woocommerce-loop-product__title_ink\">49 At\u0131ml\u0131k Havai Fi\u015fek Kutusu<\/a><\/h2>\n<div class=\"product-action-wrap\"><a href=\"https:\/\/sunkagitmatbaa.com\/index.php\/urun\/49-atimlik-havai-fisek-kutusu\/\" data-quantity=\"1\" class=\"button product_type_simple\" data-product_id=\"3738\" data-product_sku=\"\" aria-label=\"&ldquo;49 At\u0131ml\u0131k Havai Fi\u015fek Kutusu&rdquo; hakk\u0131nda daha fazla bilgi edinin\" rel=\"nofollow\" data-success_message=\"\">Devam\u0131n\u0131 oku<span class=\"kadence-svg-iconset svg-baseline\"><svg class=\"kadence-svg-icon kadence-spinner-svg\" fill=\"currentColor\" version=\"1.1\" xmlns=\"http:\/\/www.w3.org\/2000\/svg\" width=\"16\" height=\"16\" viewBox=\"0 0 16 16\"><title>Loading<\/title><path d=\"M16 6h-6l2.243-2.243c-1.133-1.133-2.64-1.757-4.243-1.757s-3.109 0.624-4.243 1.757c-1.133 1.133-1.757 2.64-1.757 4.243s0.624 3.109 1.757 4.243c1.133 1.133 2.64 1.757 4.243 1.757s3.109-0.624 4.243-1.757c0.095-0.095 0.185-0.192 0.273-0.292l1.505 1.317c-1.466 1.674-3.62 2.732-6.020 2.732-4.418 0-8-3.582-8-8s3.582-8 8-8c2.209 0 4.209 0.896 5.656 2.344l2.343-2.344v6z\"><\/path>\n\t\t\t\t<\/svg><\/span><span class=\"kadence-svg-iconset svg-baseline\"><svg class=\"kadence-svg-icon kadence-check-svg\" fill=\"currentColor\" version=\"1.1\" xmlns=\"http:\/\/www.w3.org\/2000\/svg\" width=\"16\" height=\"16\" viewBox=\"0 0 16 16\"><title>Done<\/title><path d=\"M14 2.5l-8.5 8.5-3.5-3.5-1.5 1.5 5 5 10-10z\"><\/path>\n\t\t\t\t<\/svg><\/span><\/a>\t<span id=\"woocommerce_loop_add_to_cart_link_describedby_3738\" class=\"screen-reader-text\">\n\t\t\t<\/span>\n<\/div><\/div><\/li>\n<li class=\"entry content-bg loop-entry product type-product post-3737 status-publish instock product_cat-havai-fisek-kutulari has-post-thumbnail shipping-taxable product-type-simple\">\n\t<a href=\"https:\/\/sunkagitmatbaa.com\/index.php\/urun\/36-atimlik-havai-fsek-kutusu\/\" class=\"woocommerce-loop-image-link woocommerce-LoopProduct-link woocommerce-loop-product__link\"><img loading=\"lazy\" decoding=\"async\" width=\"800\" height=\"800\" src=\"https:\/\/sunkagitmatbaa.com\/wp-content\/uploads\/2024\/03\/goldn-wawe-36-800x800.png\" class=\"attachment-woocommerce_thumbnail size-woocommerce_thumbnail\" alt=\"\" srcset=\"https:\/\/sunkagitmatbaa.com\/wp-content\/uploads\/2024\/03\/goldn-wawe-36-800x800.png 800w, https:\/\/sunkagitmatbaa.com\/wp-content\/uploads\/2024\/03\/goldn-wawe-36-300x300.png 300w, https:\/\/sunkagitmatbaa.com\/wp-content\/uploads\/2024\/03\/goldn-wawe-36-150x150.png 150w, https:\/\/sunkagitmatbaa.com\/wp-content\/uploads\/2024\/03\/goldn-wawe-36-768x768.png 768w, https:\/\/sunkagitmatbaa.com\/wp-content\/uploads\/2024\/03\/goldn-wawe-36-650x650.png 650w, https:\/\/sunkagitmatbaa.com\/wp-content\/uploads\/2024\/03\/goldn-wawe-36-700x700.png 700w, https:\/\/sunkagitmatbaa.com\/wp-content\/uploads\/2024\/03\/goldn-wawe-36-100x100.png 100w, https:\/\/sunkagitmatbaa.com\/wp-content\/uploads\/2024\/03\/goldn-wawe-36.png 1000w\" sizes=\"(max-width: 800px) 100vw, 800px\" \/><\/a><div class=\"product-details content-bg entry-content-wrap\"><h2 class=\"woocommerce-loop-product__title\"><a href=\"https:\/\/sunkagitmatbaa.com\/index.php\/urun\/36-atimlik-havai-fsek-kutusu\/\" class=\"woocommerce-LoopProduct-link-title woocommerce-loop-product__title_ink\">36 At\u0131ml\u0131k Havai Fi\u015fek Kutusu<\/a><\/h2>\n<div class=\"product-action-wrap\"><a href=\"https:\/\/sunkagitmatbaa.com\/index.php\/urun\/36-atimlik-havai-fsek-kutusu\/\" data-quantity=\"1\" class=\"button product_type_simple\" data-product_id=\"3737\" data-product_sku=\"\" aria-label=\"&ldquo;36 At\u0131ml\u0131k Havai Fi\u015fek Kutusu&rdquo; hakk\u0131nda daha fazla bilgi edinin\" rel=\"nofollow\" data-success_message=\"\">Devam\u0131n\u0131 oku<span class=\"kadence-svg-iconset svg-baseline\"><svg class=\"kadence-svg-icon kadence-spinner-svg\" fill=\"currentColor\" version=\"1.1\" xmlns=\"http:\/\/www.w3.org\/2000\/svg\" width=\"16\" height=\"16\" viewBox=\"0 0 16 16\"><title>Loading<\/title><path d=\"M16 6h-6l2.243-2.243c-1.133-1.133-2.64-1.757-4.243-1.757s-3.109 0.624-4.243 1.757c-1.133 1.133-1.757 2.64-1.757 4.243s0.624 3.109 1.757 4.243c1.133 1.133 2.64 1.757 4.243 1.757s3.109-0.624 4.243-1.757c0.095-0.095 0.185-0.192 0.273-0.292l1.505 1.317c-1.466 1.674-3.62 2.732-6.020 2.732-4.418 0-8-3.582-8-8s3.582-8 8-8c2.209 0 4.209 0.896 5.656 2.344l2.343-2.344v6z\"><\/path>\n\t\t\t\t<\/svg><\/span><span class=\"kadence-svg-iconset svg-baseline\"><svg class=\"kadence-svg-icon kadence-check-svg\" fill=\"currentColor\" version=\"1.1\" xmlns=\"http:\/\/www.w3.org\/2000\/svg\" width=\"16\" height=\"16\" viewBox=\"0 0 16 16\"><title>Done<\/title><path d=\"M14 2.5l-8.5 8.5-3.5-3.5-1.5 1.5 5 5 10-10z\"><\/path>\n\t\t\t\t<\/svg><\/span><\/a>\t<span id=\"woocommerce_loop_add_to_cart_link_describedby_3737\" class=\"screen-reader-text\">\n\t\t\t<\/span>\n<\/div><\/div><\/li>\n<li class=\"entry content-bg loop-entry product type-product post-3736 status-publish last instock product_cat-havai-fisek-kutulari has-post-thumbnail shipping-taxable product-type-grouped\">\n\t<a href=\"https:\/\/sunkagitmatbaa.com\/index.php\/urun\/16-atimlik-havai-fisek-kutusu\/\" class=\"woocommerce-loop-image-link woocommerce-LoopProduct-link woocommerce-loop-product__link product-has-hover-image\"><img loading=\"lazy\" decoding=\"async\" width=\"800\" height=\"800\" src=\"https:\/\/sunkagitmatbaa.com\/wp-content\/uploads\/2024\/03\/colorsky-800x800.png\" class=\"attachment-woocommerce_thumbnail size-woocommerce_thumbnail\" alt=\"\" srcset=\"https:\/\/sunkagitmatbaa.com\/wp-content\/uploads\/2024\/03\/colorsky-800x800.png 800w, https:\/\/sunkagitmatbaa.com\/wp-content\/uploads\/2024\/03\/colorsky-300x300.png 300w, https:\/\/sunkagitmatbaa.com\/wp-content\/uploads\/2024\/03\/colorsky-150x150.png 150w, https:\/\/sunkagitmatbaa.com\/wp-content\/uploads\/2024\/03\/colorsky-768x768.png 768w, https:\/\/sunkagitmatbaa.com\/wp-content\/uploads\/2024\/03\/colorsky-650x650.png 650w, https:\/\/sunkagitmatbaa.com\/wp-content\/uploads\/2024\/03\/colorsky-700x700.png 700w, https:\/\/sunkagitmatbaa.com\/wp-content\/uploads\/2024\/03\/colorsky-100x100.png 100w, https:\/\/sunkagitmatbaa.com\/wp-content\/uploads\/2024\/03\/colorsky.png 1000w\" sizes=\"(max-width: 800px) 100vw, 800px\" \/><img loading=\"lazy\" decoding=\"async\" width=\"800\" height=\"800\" src=\"https:\/\/sunkagitmatbaa.com\/wp-content\/uploads\/2024\/03\/party-800x800.png\" class=\"secondary-product-image attachment-woocommerce_thumbnail attachment-shop-catalog wp-post-image wp-post-image--secondary\" alt=\"\" title=\"party\" srcset=\"https:\/\/sunkagitmatbaa.com\/wp-content\/uploads\/2024\/03\/party-800x800.png 800w, https:\/\/sunkagitmatbaa.com\/wp-content\/uploads\/2024\/03\/party-300x300.png 300w, https:\/\/sunkagitmatbaa.com\/wp-content\/uploads\/2024\/03\/party-150x150.png 150w, https:\/\/sunkagitmatbaa.com\/wp-content\/uploads\/2024\/03\/party-768x768.png 768w, https:\/\/sunkagitmatbaa.com\/wp-content\/uploads\/2024\/03\/party-650x650.png 650w, https:\/\/sunkagitmatbaa.com\/wp-content\/uploads\/2024\/03\/party-700x700.png 700w, https:\/\/sunkagitmatbaa.com\/wp-content\/uploads\/2024\/03\/party-100x100.png 100w, https:\/\/sunkagitmatbaa.com\/wp-content\/uploads\/2024\/03\/party.png 1000w\" sizes=\"(max-width: 800px) 100vw, 800px\" \/><\/a><div class=\"product-details content-bg entry-content-wrap\"><h2 class=\"woocommerce-loop-product__title\"><a href=\"https:\/\/sunkagitmatbaa.com\/index.php\/urun\/16-atimlik-havai-fisek-kutusu\/\" class=\"woocommerce-LoopProduct-link-title woocommerce-loop-product__title_ink\">16 At\u0131ml\u0131k Havai Fi\u015fek Kutusu<\/a><\/h2>\n<div class=\"product-action-wrap\"><a href=\"https:\/\/sunkagitmatbaa.com\/index.php\/urun\/16-atimlik-havai-fisek-kutusu\/\" data-quantity=\"1\" class=\"button product_type_grouped\" data-product_id=\"3736\" data-product_sku=\"\" aria-label=\"&ldquo;16 At\u0131ml\u0131k Havai Fi\u015fek Kutusu&rdquo; grubundaki \u00fcr\u00fcnleri g\u00f6r\u00fcnt\u00fcle\" rel=\"nofollow\">\u00dcr\u00fcnleri g\u00f6r\u00fcnt\u00fcle<span class=\"kadence-svg-iconset svg-baseline\"><svg class=\"kadence-svg-icon kadence-spinner-svg\" fill=\"currentColor\" version=\"1.1\" xmlns=\"http:\/\/www.w3.org\/2000\/svg\" width=\"16\" height=\"16\" viewBox=\"0 0 16 16\"><title>Loading<\/title><path d=\"M16 6h-6l2.243-2.243c-1.133-1.133-2.64-1.757-4.243-1.757s-3.109 0.624-4.243 1.757c-1.133 1.133-1.757 2.64-1.757 4.243s0.624 3.109 1.757 4.243c1.133 1.133 2.64 1.757 4.243 1.757s3.109-0.624 4.243-1.757c0.095-0.095 0.185-0.192 0.273-0.292l1.505 1.317c-1.466 1.674-3.62 2.732-6.020 2.732-4.418 0-8-3.582-8-8s3.582-8 8-8c2.209 0 4.209 0.896 5.656 2.344l2.343-2.344v6z\"><\/path>\n\t\t\t\t<\/svg><\/span><span class=\"kadence-svg-iconset svg-baseline\"><svg class=\"kadence-svg-icon kadence-check-svg\" fill=\"currentColor\" version=\"1.1\" xmlns=\"http:\/\/www.w3.org\/2000\/svg\" width=\"16\" height=\"16\" viewBox=\"0 0 16 16\"><title>Done<\/title><path d=\"M14 2.5l-8.5 8.5-3.5-3.5-1.5 1.5 5 5 10-10z\"><\/path>\n\t\t\t\t<\/svg><\/span><\/a>\t<span id=\"woocommerce_loop_add_to_cart_link_describedby_3736\" class=\"screen-reader-text\">\n\t\t\t<\/span>\n<\/div><\/div><\/li>\n<\/ul>\n<\/div>\t\t\t\t<\/div>\n\t\t\t\t<\/div>\n\t\t\t\t\t<\/div>\n\t\t\t\t<\/div>\n\t\t<div class=\"elementor-element elementor-element-adbb5ae e-flex e-con-boxed e-con e-parent\" data-id=\"adbb5ae\" data-element_type=\"container\">\n\t\t\t\t\t<div class=\"e-con-inner\">\n\t\t\t\t<div class=\"elementor-element elementor-element-96dd4b9 elementor-widget elementor-widget-spacer\" data-id=\"96dd4b9\" data-element_type=\"widget\" data-widget_type=\"spacer.default\">\n\t\t\t\t<div class=\"elementor-widget-container\">\n\t\t\t\t\t\t\t<div class=\"elementor-spacer\">\n\t\t\t<div class=\"elementor-spacer-inner\"><\/div>\n\t\t<\/div>\n\t\t\t\t\t\t<\/div>\n\t\t\t\t<\/div>\n\t\t\t\t\t<\/div>\n\t\t\t\t<\/div>\n\t\t\t\t<\/div>\n\t\t","protected":false},"excerpt":{"rendered":"<p>Patentli \u00dcr\u00fcnlerimiz Patent Tescil Belgelerimiz Patentli \u00dcr\u00fcnlerimiz<\/p>\n","protected":false},"author":1,"featured_media":0,"parent":0,"menu_order":0,"comment_status":"closed","ping_status":"closed","template":"","meta":{"_kadence_starter_templates_imported_post":false,"_kad_post_transparent":"","_kad_post_title":"hide","_kad_post_layout":"fullwidth","_kad_post_sidebar_id":"","_kad_post_content_style":"unboxed","_kad_post_vertical_padding":"hide","_kad_post_feature":"hide","_kad_post_feature_position":"","_kad_post_header":false,"_kad_post_footer":false,"footnotes":""},"class_list":["post-3741","page","type-page","status-publish","hentry"],"_links":{"self":[{"href":"https:\/\/sunkagitmatbaa.com\/index.php\/wp-json\/wp\/v2\/pages\/3741","targetHints":{"allow":["GET"]}}],"collection":[{"href":"https:\/\/sunkagitmatbaa.com\/index.php\/wp-json\/wp\/v2\/pages"}],"about":[{"href":"https:\/\/sunkagitmatbaa.com\/index.php\/wp-json\/wp\/v2\/types\/page"}],"author":[{"embeddable":true,"href":"https:\/\/sunkagitmatbaa.com\/index.php\/wp-json\/wp\/v2\/users\/1"}],"replies":[{"embeddable":true,"href":"https:\/\/sunkagitmatbaa.com\/index.php\/wp-json\/wp\/v2\/comments?post=3741"}],"version-history":[{"count":19,"href":"https:\/\/sunkagitmatbaa.com\/index.php\/wp-json\/wp\/v2\/pages\/3741\/revisions"}],"predecessor-version":[{"id":3789,"href":"https:\/\/sunkagitmatbaa.com\/index.php\/wp-json\/wp\/v2\/pages\/3741\/revisions\/3789"}],"wp:attachment":[{"href":"https:\/\/sunkagitmatbaa.com\/index.php\/wp-json\/wp\/v2\/media?parent=3741"}],"curies":[{"name":"wp","href":"https:\/\/api.w.org\/{rel}","templated":true}]}}